{"id":435,"date":"2023-11-10T14:40:52","date_gmt":"2023-11-10T20:40:52","guid":{"rendered":"http:\/\/boswayauto.three.zysites.com\/agents-only\/"},"modified":"2024-02-27T15:29:29","modified_gmt":"2024-02-27T21:29:29","slug":"agents-only","status":"publish","type":"page","link":"https:\/\/www.boswayauto.com\/es\/agents-only\/","title":{"rendered":"S\u00f3lo agentes"},"content":{"rendered":"<h2>Nuestras compa\u00f1\u00edas enlaces<\/h2>\n<div class=\"row\">\n<div class=\"col-12 col-lg-4\">\n<div class=\"zy-linkContainer\">\n<h2>Auto Carriers<\/h2>\n<p><a target=\"_blank\" href=\"https:\/\/www.kaiconnect.com\/diamondweb\" rel=\"noopener\">Mendota<\/a>(use Advantage auto Ins)<br \/>\n<a target=\"_blank\" href=\"https:\/\/agent.advantageauto.com\/\" rel=\"noopener\">Advantage Auto Ins.<\/a><br \/>\n<a target=\"_blank\" href=\"https:\/\/www.aains.com\/\" rel=\"noopener\">American Access<\/a><br \/>\n<a target=\"_blank\" href=\"https:\/\/auto.assuranceamerica.com\/\" rel=\"noopener\">Assurance<\/a><br \/>\n<a target=\"_blank\" href=\"https:\/\/secure3.anchorgeneral.com\/\" rel=\"noopener\">Anchor<\/a><br \/>\n<a target=\"_blank\" href=\"https:\/\/secure.anchorapp.com\/\" rel=\"noopener\">Anchor<\/a><br \/>\n<a target=\"_blank\" href=\"https:\/\/www.iaproducers.com\/\" rel=\"noopener\">Bristol West<\/a><br \/>\n<a target=\"_blank\" href=\"https:\/\/agent.commonwealthcasualty.com\/\" rel=\"noopener\">Commonwealth<\/a><br \/>\n<a target=\"_blank\" href=\"https:\/\/agent.dairylandagent.com\/\" rel=\"noopener\">Dairyland<\/a><br \/>\n<a target=\"_blank\" href=\"https:\/\/agency.falconinsgroup.com\/Home#!\" rel=\"noopener\">Falcon<\/a><br \/>\n<a target=\"_blank\" href=\"https:\/\/freedomgeneral.com\/\" rel=\"noopener\">Freedom<\/a><br \/>\n<a target=\"_blank\" href=\"https:\/\/sso.gainsco.com\/\" rel=\"noopener\">Gainsco<\/a><br \/>\n<a target=\"_blank\" href=\"https:\/\/www.hallmarkgrp.com\/personal-auto-insurance\/\" rel=\"noopener\">Hallmark<\/a><br \/>\n<a target=\"_blank\" href=\"https:\/\/www.kemper.com\/agent-portal\" rel=\"noopener\">Kemper<\/a><br \/>\n<a target=\"_blank\" href=\"https:\/\/portal.mylegacyinsurance.com\/\" rel=\"noopener\">Legacy<\/a><br \/>\n<a target=\"_blank\" href=\"https:\/\/agents.medjames.com\/\" rel=\"noopener\">Medjames<\/a><br \/>\n<a target=\"_blank\" href=\"https:\/\/natgenagency.com\/\" rel=\"noopener\">Nation General<\/a><br \/>\n<a target=\"_blank\" href=\"https:\/\/www.primeroinsurance.com\/\" rel=\"noopener\">Primero<\/a><br \/>\n<a target=\"_blank\" href=\"https:\/\/www.foragentsonly.com\/\" rel=\"noopener\">Progressive<\/a><br \/>\n<a target=\"_blank\" href=\"https:\/\/signin.travelers.com\/\" rel=\"noopener\">Travelers<\/a><br \/>\n<a target=\"_blank\" href=\"https:\/\/trexis.com\/#Agent\" rel=\"noopener\">Trexis<\/a><br \/>\n<a target=\"_blank\" href=\"https:\/\/www.pgac.com\/\" rel=\"noopener\">The General<\/a><br \/>\n<a target=\"_blank\" href=\"https:\/\/www.safewayxchange.com\/\" rel=\"noopener\">Safeway<\/a><br \/>\n<a target=\"_blank\" href=\"https:\/\/stonewood55.live.ptsapp.com\/logIn.cfm\" rel=\"noopener\">Stonewood<\/a><br \/>\n<a target=\"_blank\" href=\"https:\/\/www.suncoastinsurance.com\/\" rel=\"noopener\">Suncoast General<\/a><br \/>\n<a target=\"_blank\" href=\"http:\/\/www.westerngeneral.com\/\" rel=\"noopener\">Western Genral<\/a>\n<\/div>\n<\/div>\n<div class=\"col-12 col-lg-4\">\n<div class=\"zy-linkContainer\">\n<h2>Home Carriers<\/h2>\n<p><a target=\"_blank\" href=\"https:\/\/www.agent.natlloydscorp.com\/\" rel=\"noopener\">American Summit &#8211; National loyds<\/a><br \/>\n<a target=\"_blank\" href=\"https:\/\/www.natlloyds.com\/\" rel=\"noopener\">American Summit &#8211; National loyds<\/a><br \/>\n<a target=\"_blank\" href=\"https:\/\/www.colonialgeneral.com\/personal-lines\/\" rel=\"noopener\">Colonial General Insurance Agency<\/a><br \/>\n<a target=\"_blank\" href=\"https:\/\/agent.commonwealthcasualty.com\/\" rel=\"noopener\">Commonwealth<\/a><br \/>\n<a target=\"_blank\" href=\"https:\/\/www.foremoststar.com\/\" rel=\"noopener\">Foremost Star<\/a><br \/>\n<a target=\"_blank\" href=\"https:\/\/foremost.floodpro.net\/\" rel=\"noopener\">Foremost Star Flood<\/a><br \/>\n<a target=\"_blank\" href=\"https:\/\/amsuite.amig.com\/\" rel=\"noopener\">American Modern<\/a><br \/>\n<a target=\"_blank\" href=\"https:\/\/www.pacificspecialty.com\/\" rel=\"noopener\">Pacific Specialty<\/a><br \/>\nStatewide<br \/>\nJohnson &amp; Johnson\n<\/div>\n<div class=\"zy-linkContainer\">\n<h2>Bonds<\/h2>\n<p><a target=\"_blank\" href=\"https:\/\/www.merchantsbonding.com\/\" rel=\"noopener\">Merchants Bonding<\/a>\n<\/div>\n<\/div>\n<div class=\"col-12 col-lg-4\">\n<div class=\"zy-linkContainer\">\n<h2>Other<\/h2>\n<p><a target=\"_blank\" href=\"https:\/\/agents.agencymatrix.com\/\" rel=\"noopener\">Agency Matrix<\/a><br \/>\n<a target=\"_blank\" href=\"https:\/\/www.turborater.com\/login\/\" rel=\"noopener\">ITC<\/a><br \/>\n<a target=\"_blank\" href=\"https:\/\/www.mexicoinsuranceonline.com\/\" rel=\"noopener\">Mexico Policies<\/a><br \/>\n<a target=\"_blank\" href=\"https:\/\/exchange.ivansinsurance.com\/Account\/LogOn?ReturnUrl=%2f\" rel=\"noopener\">Ivans<\/a><br \/>\n<a target=\"_blank\" href=\"https:\/\/servicearizona.com\/\" rel=\"noopener\">Motor Vehicle Dept<\/a><br \/>\n<a target=\"_blank\" href=\"https:\/\/mcassessor.maricopa.gov\/\" rel=\"noopener\">Maricopa Assessors<\/a><br \/>\n<a target=\"_blank\" href=\"https:\/\/www.asr.pima.gov\/\" rel=\"noopener\">Pima County<\/a>\n<\/div>\n<\/div>\n<\/div>\n","protected":false},"excerpt":{"rendered":"<p>Nuestras compa\u00f1\u00edas enlaces Auto Carriers Mendota(use Advantage auto Ins) Advantage Auto Ins. American Access Assurance Anchor Anchor Bristol West Commonwealth Dairyland Falcon Freedom Gainsco Hallmark Kemper Legacy Medjames Nation General Primero Progressive Travelers Trexis The General Safeway Stonewood Suncoast General Western Genral Home Carriers American Summit &#8211; National loyds American Summit &#8211; National loyds Colonial [&hellip;]<\/p>\n","protected":false},"author":35,"featured_media":0,"parent":0,"menu_order":0,"comment_status":"closed","ping_status":"closed","template":"","meta":{"_acf_changed":false,"_seopress_robots_primary_cat":"0","_seopress_titles_title":"","_seopress_titles_desc":"","_seopress_robots_index":"","_analytify_skip_tracking":false,"footnotes":""},"class_list":["post-435","page","type-page","status-publish","hentry"],"acf":[],"_links":{"self":[{"href":"https:\/\/www.boswayauto.com\/es\/wp-json\/wp\/v2\/pages\/435","targetHints":{"allow":["GET"]}}],"collection":[{"href":"https:\/\/www.boswayauto.com\/es\/wp-json\/wp\/v2\/pages"}],"about":[{"href":"https:\/\/www.boswayauto.com\/es\/wp-json\/wp\/v2\/types\/page"}],"author":[{"embeddable":true,"href":"https:\/\/www.boswayauto.com\/es\/wp-json\/wp\/v2\/users\/35"}],"replies":[{"embeddable":true,"href":"https:\/\/www.boswayauto.com\/es\/wp-json\/wp\/v2\/comments?post=435"}],"version-history":[{"count":0,"href":"https:\/\/www.boswayauto.com\/es\/wp-json\/wp\/v2\/pages\/435\/revisions"}],"wp:attachment":[{"href":"https:\/\/www.boswayauto.com\/es\/wp-json\/wp\/v2\/media?parent=435"}],"curies":[{"name":"wp","href":"https:\/\/api.w.org\/{rel}","templated":true}]}}